{"id":269,"date":"2016-12-20T13:58:23","date_gmt":"2016-12-20T12:58:23","guid":{"rendered":"http:\/\/147.231.84.158\/?page_id=269"},"modified":"2022-10-10T11:34:13","modified_gmt":"2022-10-10T10:34:13","slug":"ridici-vybor","status":"publish","type":"page","link":"https:\/\/www.romanihistories.usd.cas.cz\/cs\/ridici-vybor\/","title":{"rendered":"\u0158\u00edd\u00edc\u00ed v\u00fdbor"},"content":{"rendered":"","protected":false},"excerpt":{"rendered":"","protected":false},"author":1,"featured_media":0,"parent":0,"menu_order":30,"comment_status":"closed","ping_status":"closed","template":"_board.php","meta":{"_acf_changed":false,"footnotes":""},"class_list":["post-269","page","type-page","status-publish","hentry"],"acf":[],"_links":{"self":[{"href":"https:\/\/www.romanihistories.usd.cas.cz\/cs\/wp-json\/wp\/v2\/pages\/269","targetHints":{"allow":["GET"]}}],"collection":[{"href":"https:\/\/www.romanihistories.usd.cas.cz\/cs\/wp-json\/wp\/v2\/pages"}],"about":[{"href":"https:\/\/www.romanihistories.usd.cas.cz\/cs\/wp-json\/wp\/v2\/types\/page"}],"author":[{"embeddable":true,"href":"https:\/\/www.romanihistories.usd.cas.cz\/cs\/wp-json\/wp\/v2\/users\/1"}],"replies":[{"embeddable":true,"href":"https:\/\/www.romanihistories.usd.cas.cz\/cs\/wp-json\/wp\/v2\/comments?post=269"}],"version-history":[{"count":33,"href":"https:\/\/www.romanihistories.usd.cas.cz\/cs\/wp-json\/wp\/v2\/pages\/269\/revisions"}],"predecessor-version":[{"id":2450,"href":"https:\/\/www.romanihistories.usd.cas.cz\/cs\/wp-json\/wp\/v2\/pages\/269\/revisions\/2450"}],"wp:attachment":[{"href":"https:\/\/www.romanihistories.usd.cas.cz\/cs\/wp-json\/wp\/v2\/media?parent=269"}],"curies":[{"name":"wp","href":"https:\/\/api.w.org\/{rel}","templated":true}]}}