{"id":2316,"date":"2021-04-21T10:38:13","date_gmt":"2021-04-21T09:38:13","guid":{"rendered":"http:\/\/www.romanihistories.usd.cas.cz\/cs\/?page_id=2316"},"modified":"2021-11-15T15:56:38","modified_gmt":"2021-11-15T14:56:38","slug":"workshop","status":"publish","type":"page","link":"https:\/\/www.romanihistories.usd.cas.cz\/cs\/workshop\/","title":{"rendered":"Workshop k romsk\u00fdm d\u011bjin\u00e1m"},"content":{"rendered":"<p>V\u00a0r\u00e1mci workshopu\u00a0k\u00a0romsk\u00fdm d\u011bjin\u00e1m se diskutuj\u00ed p\u0159edem zaslan\u00e9 a doposud nepublikovan\u00e9 texty badatel\u016f a badatelek jako jsou odborn\u00e9 \u010dl\u00e1nky, kapitoly diserta\u010dn\u00edch prac\u00ed, kapitoly knih apod. Na\u0161\u00edm c\u00edlem je propojit specialisty na romsk\u00e9 d\u011bjiny a badatele ze souvisej\u00edc\u00edch historick\u00fdch obor\u016f a nab\u00eddnout kolektivn\u00ed zp\u011btnou vazbu k rozpracovan\u00fdm historiografick\u00fdm text\u016fm v anga\u017eovan\u00e9m, konstruktivn\u011b kritick\u00e9m a podp\u016frn\u00e9m prost\u0159ed\u00ed.<\/p>\n<p>Workshopy jsou veden\u00e9 v anglick\u00e9m jazyce. I texty ur\u010den\u00e9 pro diskuzi musej\u00ed b\u00fdt v\u00a0angli\u010dtin\u011b.<\/p>\n<p>Workshop organizuj\u00ed Renata Berkyov\u00e1 (Pra\u017esk\u00e9 f\u00f3rum pro romsk\u00e9 d\u011bjiny) a Th\u00e9ophile Leroy a Vita Zalar (doktorandi z\u00a0Pa\u0159\u00ed\u017ee a Ljubljany).<\/p>\n<p>Pokud m\u00e1te z\u00e1jem o p\u0159edstaven\u00ed Va\u0161eho textu na n\u011bkter\u00e9m z nadch\u00e1zej\u00edc\u00edch workshop\u016f, nebo si p\u0159ejete dost\u00e1vat pozv\u00e1nku k pl\u00e1novan\u00e9mu workshopu, m\u016f\u017eete n\u00e1s kontaktovat na n\u011bkter\u00e9 z t\u011bchto adres:<br \/>\n<a href=\"mailto:berkyova@usd.cas.cz\">berkyova@usd.cas.cz<\/a>,\u00a0<a href=\"mailto:theophile.leroy@sciencespo.fr\">theophile.leroy@sciencespo.fr<\/a>\u00a0nebo\u00a0<a href=\"mailto:vita.zalar@zrc-sazu.si\">vita.zalar@zrc-sazu.si<\/a>.<\/p>\n<p>Zvl\u00e1\u0161t\u011b jsou v\u00edt\u00e1ny p\u0159\u00edsp\u011bvky doktorand\u016f a za\u010d\u00ednaj\u00edc\u00edch badatel\u016f.<\/p>\n","protected":false},"excerpt":{"rendered":"<p>V\u00a0r\u00e1mci workshopu\u00a0k\u00a0romsk\u00fdm d\u011bjin\u00e1m se diskutuj\u00ed p\u0159edem zaslan\u00e9 a doposud nepublikovan\u00e9 texty badatel\u016f a badatelek jako jsou odborn\u00e9 \u010dl\u00e1nky, kapitoly diserta\u010dn\u00edch prac\u00ed, kapitoly knih apod. Na\u0161\u00edm c\u00edlem je propojit specialisty na romsk\u00e9 d\u011bjiny a badatele ze souvisej\u00edc\u00edch historick\u00fdch obor\u016f a nab\u00eddnout kolektivn\u00ed zp\u011btnou vazbu k rozpracovan\u00fdm historiografick\u00fdm text\u016fm v anga\u017eovan\u00e9m, konstruktivn\u011b kritick\u00e9m a podp\u016frn\u00e9m prost\u0159ed\u00ed. Workshopy [&hellip;]<\/p>\n","protected":false},"author":1,"featured_media":0,"parent":0,"menu_order":0,"comment_status":"closed","ping_status":"closed","template":"","meta":{"_acf_changed":false,"footnotes":""},"class_list":["post-2316","page","type-page","status-publish","hentry"],"acf":[],"_links":{"self":[{"href":"https:\/\/www.romanihistories.usd.cas.cz\/cs\/wp-json\/wp\/v2\/pages\/2316","targetHints":{"allow":["GET"]}}],"collection":[{"href":"https:\/\/www.romanihistories.usd.cas.cz\/cs\/wp-json\/wp\/v2\/pages"}],"about":[{"href":"https:\/\/www.romanihistories.usd.cas.cz\/cs\/wp-json\/wp\/v2\/types\/page"}],"author":[{"embeddable":true,"href":"https:\/\/www.romanihistories.usd.cas.cz\/cs\/wp-json\/wp\/v2\/users\/1"}],"replies":[{"embeddable":true,"href":"https:\/\/www.romanihistories.usd.cas.cz\/cs\/wp-json\/wp\/v2\/comments?post=2316"}],"version-history":[{"count":8,"href":"https:\/\/www.romanihistories.usd.cas.cz\/cs\/wp-json\/wp\/v2\/pages\/2316\/revisions"}],"predecessor-version":[{"id":2346,"href":"https:\/\/www.romanihistories.usd.cas.cz\/cs\/wp-json\/wp\/v2\/pages\/2316\/revisions\/2346"}],"wp:attachment":[{"href":"https:\/\/www.romanihistories.usd.cas.cz\/cs\/wp-json\/wp\/v2\/media?parent=2316"}],"curies":[{"name":"wp","href":"https:\/\/api.w.org\/{rel}","templated":true}]}}