{"id":167,"date":"2016-11-24T11:05:00","date_gmt":"2016-11-24T10:05:00","guid":{"rendered":"http:\/\/www.jewishhistory.usd.cas.cz\/?page_id=167"},"modified":"2021-02-25T23:03:11","modified_gmt":"2021-02-25T22:03:11","slug":"prazske-forum-pro-romske-dejiny","status":"publish","type":"page","link":"https:\/\/www.romanihistories.usd.cas.cz\/cs\/prazske-forum-pro-romske-dejiny\/","title":{"rendered":"Pra\u017esk\u00e9 f\u00f3rum pro romsk\u00e9 d\u011bjiny"},"content":{"rendered":"<p><strong>Pra\u017esk\u00e9 f\u00f3rum pro romsk\u00e9 d\u011bjiny<\/strong><\/p>\n<p>Pra\u017esk\u00e9 f\u00f3rum pro romsk\u00e9 d\u011bjiny p\u0159i \u00dastavu pro soudob\u00e9 d\u011bjiny AV \u010cR vzniklo p\u0159i prvn\u00edm setk\u00e1n\u00ed \u0159\u00edd\u00edc\u00edho v\u00fdboru v Praze v z\u00e1\u0159\u00ed 2016.<\/p>\n<p><strong>Ustanovuj\u00edc\u00ed prohl\u00e1\u0161en\u00ed<\/strong><\/p>\n<p>Zakladatel\u00e9 f\u00f3ra si uv\u011bdomuj\u00ed, \u017ee studiu t\u00e9mat spojen\u00fdch s\u00a0Romy se v Evrop\u011b po dlouhou dobu v\u011bnovali zejm\u00e9na folklorist\u00e9, filologov\u00e9 a etnologov\u00e9. Historie Rom\u016f je jako v\u00fdzkumn\u00e9 t\u00e9ma rozt\u0159\u00ed\u0161t\u011bn\u00e9 a izolovan\u00e9. V\u00fdzkum romsk\u00fdch d\u011bjin z\u00e1rove\u0148 dosud nen\u00ed p\u0159ij\u00edm\u00e1n jako ned\u00edln\u00e1 sou\u010d\u00e1st historick\u00e9ho v\u00fdzkumu v\u00a0tomto regionu. F\u00f3rum bylo zalo\u017eeno proto, \u017ee v\u00a0Evrop\u011b nen\u00ed \u017e\u00e1dn\u00e1 akademick\u00e1 platforma, kter\u00e1 by podporovala pr\u00e1v\u011b historick\u00fd v\u00fdzkum zam\u011b\u0159en\u00fd na Romy, nebo rozvoj debaty o takto zam\u011b\u0159en\u00e9m historick\u00e9m v\u00fdzkumu mezi badateli v\u00a0oblasti spole\u010densk\u00fdch a humanitn\u00edch obor\u016f, a na jej\u00ed\u017e p\u016fd\u011b by tak mohly vznikat a p\u0159\u00edpadn\u011b b\u00fdt i koordinov\u00e1ny spole\u010dn\u00e9 v\u00fdzkumn\u00e9 projekty.<\/p>\n<p>Pra\u017esk\u00e9 f\u00f3rum pro romsk\u00e9 d\u011bjiny je akademick\u00e1 iniciativa zalo\u017een\u00e1 na podporu mezioborov\u00e9ho, intersekcion\u00e1ln\u00edho a nadn\u00e1rodn\u00edho studia, kter\u00e1 usiluje o n\u00e1pravu t\u011bchto omezen\u00ed. Na\u0161\u00edm hlavn\u00edm c\u00edlem je upozor\u0148ovat na st\u011b\u017eejn\u00ed v\u00fdznam studia historie Rom\u016f pro komplexn\u00ed pochopen\u00ed evropsk\u00e9 historie a jej\u00edch sou\u010dasn\u00fdch spole\u010dnost\u00ed. Proto si klademe za c\u00edl: 1) pos\u00edlit akademick\u00fd v\u00fdzkum zam\u011b\u0159en\u00fd na Romy v\u00a019. a 20. stolet\u00ed s d\u016frazem na diachronn\u00ed perspektivu a podporu alternativn\u00edch a nov\u011b se formuj\u00edc\u00edch badatelsk\u00fdch postup\u016f a 2) kultivovat dialog mezi historiky, sociology, antropology, filology a dal\u0161\u00edmi badateli stoj\u00edc\u00edmi mimo obor romistiky s\u00a0c\u00edlem etablovat studium romsk\u00e9 historie jako \u00fast\u0159edn\u00ed bod nov\u00e9ho uva\u017eov\u00e1n\u00ed o evropsk\u00e9 historii.<\/p>\n<p>Pln\u00e9 zn\u011bn\u00ed Ustanovuj\u00edc\u00edho prohl\u00e1\u0161en\u00ed F\u00f3ra najdete <a href=\"https:\/\/www.romanihistories.usd.cas.cz\/cs\/wp-content\/uploads\/Prague_Forum_\u010desky-1.pdf\"><u>zde<\/u><\/a>.<\/p>\n<p>F\u00f3rum se zab\u00fdv\u00e1 p\u0159edev\u0161\u00edm akademick\u00fdm v\u00fdzkumem, ale v\u00edt\u00e1 diskuzi a v\u00fdzkumn\u00e9 iniciativy, kter\u00e9 zapojuj\u00ed skupiny mimo akademickou sf\u00e9ru. Zaj\u00edmaj\u00ed n\u00e1s akce organizovan\u00e9 ve spolupr\u00e1ci se \u010dleny romsk\u00e9 komunity.<\/p>\n<p><strong>Struktura F\u00f3ra<\/strong><\/p>\n<p>F\u00f3rum je institucion\u00e1ln\u011b zakotveno na \u00dastavu pro soudob\u00e9 d\u011bjiny AV \u010cR. Na aktivity F\u00f3ra dohl\u00ed\u017e\u00ed jeho <a href=\"https:\/\/www.romanihistories.usd.cas.cz\/cs\/lide\/\"><u>\u0159\u00edd\u00edc\u00ed v\u00fdbo<\/u><u>r<\/u>.<\/a><br \/>\nAktivity F\u00f3ra koordinuj\u00ed Kate\u0159ina \u010capkov\u00e1, Helena Sad\u00edlkov\u00e1 a Renata Berkyov\u00e1.<br \/>\nKontaktn\u00ed osobou F\u00f3ra je Renata Berkyov\u00e1: berkyova@usd.cas.cz<\/p>\n<p><strong>Aktivity F\u00f3ra<\/strong><\/p>\n<p><strong>Konference k\u00a0historii Rom\u016f<\/strong><br \/>\nF\u00f3rum organizuje ka\u017ed\u00e9 dva roky mezin\u00e1rodn\u00ed konferenci v Praze. Prvn\u00ed konference prob\u011bhla na podzim 2017.<\/p>\n<p>V\u00edce informac\u00ed o konferenc\u00edch organizovan\u00fdch F\u00f3rem najdete <a href=\"https:\/\/www.romanihistories.usd.cas.cz\/cs\/akce-fora\/\"><u>zde<\/u><\/a>.<\/p>\n<p><strong>Dal\u0161\u00ed ud\u00e1losti<\/strong><\/p>\n<p>F\u00f3rum d\u00e1le organizuje men\u0161\u00ed, t\u00e9maticky zam\u011b\u0159en\u00e9 odborn\u00e9 semin\u00e1\u0159e, debaty u kulat\u00e9ho stolu a jednotliv\u00e9 p\u0159edn\u00e1\u0161ky k\u00a0historii Rom\u016f; v\u00fdstavy realizovan\u00e9 jako jeden z\u00a0v\u00fdsledk\u016f akademick\u00fdch v\u00fdzkumn\u00fdch projekt\u016f ve spolupr\u00e1ci se \u010dleny romsk\u00fdch\/sintsk\u00fdch komunit, nebo v\u00fdstavy um\u011bleck\u00fdch d\u011bl romsk\u00fdch um\u011blc\u016f vztahuj\u00edc\u00edch se k\u00a0historii Rom\u016f a d\u00e1le prom\u00edt\u00e1n\u00ed film\u016f s\u00a0t\u00e9matikou historie Rom\u016f.<\/p>\n<p>V\u00edce informac\u00ed o dal\u0161\u00edch akc\u00edch najdete <a href=\"https:\/\/www.romanihistories.usd.cas.cz\/cs\/akce-fora\/\"><u>zde<\/u><\/a>.<\/p>\n<p><strong>V\u00fdzkumn\u00e9 projekty a v\u011bdeck\u00e9 publikace o historii Rom\u016f<\/strong><br \/>\n\u010clenov\u00e9 \u0159\u00edd\u00edc\u00edho v\u00fdboru vyu\u017e\u00edvaj\u00ed a vedou mezin\u00e1rodn\u00ed v\u00fdzkumn\u00e9 projekty a publikuj\u00ed v\u011bdeck\u00e1 d\u00edla. V z\u00e1jmu zaji\u0161t\u011bn\u00ed co nej\u0161ir\u0161\u00edho dosahu pr\u00e1ce F\u00f3ra budeme \u00fa\u010dastn\u00edky jednotliv\u00fdch \u010d\u00e1st\u00ed programu F\u00f3ra podporovat v\u00a0oslovov\u00e1n\u00ed publika v\u00a0oblastech, pro kter\u00e9 m\u016f\u017ee b\u00fdt iniciace debaty o historii Rom\u016f z\u00e1sadn\u00edm p\u0159\u00ednosem. P\u0159\u00edpadn\u011b se zam\u011b\u0159\u00edme na p\u0159\u00edpravu speci\u00e1ln\u00edch \u010d\u00edsel recenzovan\u00fdch \u010dasopis\u016f (v angli\u010dtin\u011b a n\u011bm\u010din\u011b), v\u010detn\u011b odborn\u00fdch \u010dasopis\u016f vych\u00e1zej\u00edc\u00edch ve st\u0159edov\u00fdchodn\u00ed, v\u00fdchodn\u00ed a jihov\u00fdchodn\u00ed Evrop\u011b.<\/p>\n<p>Informace o prob\u00edhaj\u00edc\u00edch mezin\u00e1rodn\u00edch v\u00fdzkumn\u00fdch projektech F\u00f3ra najdete <a href=\"https:\/\/www.romanihistories.usd.cas.cz\/cs\/projekty\/\"><u>zde<\/u><\/a>.<\/p>\n","protected":false},"excerpt":{"rendered":"<p>Pra\u017esk\u00e9 f\u00f3rum pro romsk\u00e9 d\u011bjiny Pra\u017esk\u00e9 f\u00f3rum pro romsk\u00e9 d\u011bjiny p\u0159i \u00dastavu pro soudob\u00e9 d\u011bjiny AV \u010cR vzniklo p\u0159i prvn\u00edm setk\u00e1n\u00ed \u0159\u00edd\u00edc\u00edho v\u00fdboru v Praze v z\u00e1\u0159\u00ed 2016. Ustanovuj\u00edc\u00ed prohl\u00e1\u0161en\u00ed Zakladatel\u00e9 f\u00f3ra si uv\u011bdomuj\u00ed, \u017ee studiu t\u00e9mat spojen\u00fdch s\u00a0Romy se v Evrop\u011b po dlouhou dobu v\u011bnovali zejm\u00e9na folklorist\u00e9, filologov\u00e9 a etnologov\u00e9. Historie Rom\u016f je jako [&hellip;]<\/p>\n","protected":false},"author":1,"featured_media":0,"parent":0,"menu_order":4,"comment_status":"closed","ping_status":"closed","template":"_aboutpage.php","meta":{"_acf_changed":false,"footnotes":""},"class_list":["post-167","page","type-page","status-publish","hentry"],"acf":[],"_links":{"self":[{"href":"https:\/\/www.romanihistories.usd.cas.cz\/cs\/wp-json\/wp\/v2\/pages\/167","targetHints":{"allow":["GET"]}}],"collection":[{"href":"https:\/\/www.romanihistories.usd.cas.cz\/cs\/wp-json\/wp\/v2\/pages"}],"about":[{"href":"https:\/\/www.romanihistories.usd.cas.cz\/cs\/wp-json\/wp\/v2\/types\/page"}],"author":[{"embeddable":true,"href":"https:\/\/www.romanihistories.usd.cas.cz\/cs\/wp-json\/wp\/v2\/users\/1"}],"replies":[{"embeddable":true,"href":"https:\/\/www.romanihistories.usd.cas.cz\/cs\/wp-json\/wp\/v2\/comments?post=167"}],"version-history":[{"count":48,"href":"https:\/\/www.romanihistories.usd.cas.cz\/cs\/wp-json\/wp\/v2\/pages\/167\/revisions"}],"predecessor-version":[{"id":2288,"href":"https:\/\/www.romanihistories.usd.cas.cz\/cs\/wp-json\/wp\/v2\/pages\/167\/revisions\/2288"}],"wp:attachment":[{"href":"https:\/\/www.romanihistories.usd.cas.cz\/cs\/wp-json\/wp\/v2\/media?parent=167"}],"curies":[{"name":"wp","href":"https:\/\/api.w.org\/{rel}","templated":true}]}}